{"id":1817,"date":"2023-12-20T12:58:46","date_gmt":"2023-12-20T12:58:46","guid":{"rendered":"http:\/\/www.barbarasgallery.com\/?page_id=1817"},"modified":"2024-12-03T09:30:35","modified_gmt":"2024-12-03T09:30:35","slug":"events-2024","status":"publish","type":"page","link":"http:\/\/www.barbarasgallery.com\/?page_id=1817","title":{"rendered":"Events 2024"},"content":{"rendered":"<div class=\"wp-block-image\">\n<figure class=\"aligncenter size-large is-resized\"><a href=\"http:\/\/www.barbarasgallery.com\/wp-content\/uploads\/2024\/12\/7-und-8.12-Tammisaari-Joulumarkinat.png\"><img loading=\"lazy\" decoding=\"async\" width=\"725\" height=\"1024\" src=\"http:\/\/www.barbarasgallery.com\/wp-content\/uploads\/2024\/12\/7-und-8.12-Tammisaari-Joulumarkinat-725x1024.png\" alt=\"\" class=\"wp-image-2300\" style=\"width:652px;height:auto\" srcset=\"http:\/\/www.barbarasgallery.com\/wp-content\/uploads\/2024\/12\/7-und-8.12-Tammisaari-Joulumarkinat-725x1024.png 725w, http:\/\/www.barbarasgallery.com\/wp-content\/uploads\/2024\/12\/7-und-8.12-Tammisaari-Joulumarkinat-212x300.png 212w, http:\/\/www.barbarasgallery.com\/wp-content\/uploads\/2024\/12\/7-und-8.12-Tammisaari-Joulumarkinat-768x1085.png 768w, http:\/\/www.barbarasgallery.com\/wp-content\/uploads\/2024\/12\/7-und-8.12-Tammisaari-Joulumarkinat.png 800w\" sizes=\"auto, (max-width: 725px) 100vw, 725px\" \/><\/a><\/figure><\/div>\n\n\n<p class=\"has-text-align-center\"><strong>You Tube channel_Fit Kids 1001 Fairy Tales<\/strong><\/p>\n\n\n\n<p class=\"has-text-align-center\"><strong><a href=\"https:\/\/www.youtube.com\/watch?v=yOx7FS-M4B0\">Pippi Longstocking\u00b4s Snowflake Gallery 2024<\/a><\/strong><\/p>\n\n\n\n<p class=\"has-text-align-center\"><strong><a href=\"https:\/\/www.youtube.com\/watch?v=w-a6FggK-xQ&amp;t=8s\">Fit Kids 1001 Fairy Tales_Hanko P\u00e4ivat Pippi Langstrumpfs Gallery<\/a><\/strong><\/p>\n\n\n\n<p class=\"has-text-align-center\"><strong><a href=\"https:\/\/www.youtube.com\/watch?v=PDGYTQVB0Cc&amp;t=275s\">Pippi Langstrumpfs Gallery Finland- 16.6 Lohja Kids 2024<\/a><\/strong><\/p>\n\n\n\n<p class=\"has-text-align-center\"><strong><a href=\"https:\/\/www.youtube.com\/watch?v=y5cVZpqzhN4\">Fit Kids 1001 Fairy Tales _Juhannus Lohjale 21.6. 2024<\/a><\/strong><\/p>\n\n\n\n<p class=\"has-text-align-center\"><strong><a href=\"https:\/\/www.youtube.com\/watch?v=otzPAeBVt78&amp;t=40s\">Raseborg Conference Face Painting by Barbara 2024<\/a><\/strong><\/p>\n\n\n\n<p class=\"has-text-align-center\"><strong><a href=\"https:\/\/www.youtube.com\/watch?v=HEz6CPy9C9c\">Pippi Longstockings Gallery  Children&#8217;s Festival in Inkoo 20.7.2024<\/a><\/strong><\/p>\n\n\n\n<p class=\"has-text-align-center\"><strong><a href=\"https:\/\/www.youtube.com\/watch?v=E-hbWiWL9DA\">Pippi Longstocking\u00b4s Gallery _Laurinp\u00e4iv\u00e4\u00e4 10. 8 .2024 Lohja<\/a><\/strong><\/p>\n\n\n\n<p><a href=\"https:\/\/www.youtube.com\/watch?v=TDrudC3tj2w\"><strong>Pippi Lohngstocking\u00b4s Gallery  Sportday and Festival by the Factort by the Lake<\/strong> 24.8<\/a><\/p>\n\n\n\n<p class=\"has-text-align-center\"><a href=\"https:\/\/www.youtube.com\/watch?v=4FjHWmf7aKM\"><strong>Edelweiss Gallery &#8211; Painting with Pippi in Raseborg<\/strong> 13.10.2024<\/a><\/p>\n\n\n\n<p class=\"has-text-align-center\"><strong><a href=\"https:\/\/www.youtube.com\/watch?v=8AnU8cAKJcs\">Pippi in the Forest of Firefly Lights<\/a><\/strong> <strong>Su.26.10 <\/strong>.Tytyrin El\u00e4myskaivos<\/p>\n\n\n\n<p class=\"has-text-align-center\"><a href=\"https:\/\/www.youtube.com\/watch?v=fwNAO7gij2E&amp;t=17s\"><strong>Pippi Longstocking\u00b4s Gallery in the Forest of Firefly Lights Raseborg Eken\u00e4s<\/strong><\/a> 10.11<\/p>\n\n\n\n<p class=\"has-text-align-center\"><strong><a href=\"https:\/\/www.youtube.com\/watch?v=Fy6BslyOsK8\">Pippi Longstockings\u00b4Gallery in Lohja K Citymarket 16.11 Lastenp\u00e4iv\u00e4 <\/a><\/strong><\/p>\n\n\n\n<p class=\"has-text-align-center\"><strong><a href=\"https:\/\/www.youtube.com\/watch?v=tH7IT-MVa6c&amp;t=7s\">Fit Kids 20 Years in Finlnad 2004-2024<\/a><\/strong><\/p>\n\n\n\n<p class=\"has-text-align-center\"><strong><a href=\"https:\/\/www.youtube.com\/watch?v=Oxr58iBM5YY\">The Magic of the Snow Queen 30.11.2024 in Loha Tytyri El\u00e4myskaivos<\/a><\/strong><\/p>\n\n\n<div class=\"wp-block-image\">\n<figure class=\"aligncenter size-large is-resized\"><a href=\"http:\/\/www.barbarasgallery.com\/wp-content\/uploads\/2024\/07\/Pippi-Longstockings-Gallery-2024.jpg\"><img loading=\"lazy\" decoding=\"async\" width=\"724\" height=\"1024\" src=\"http:\/\/www.barbarasgallery.com\/wp-content\/uploads\/2024\/07\/Pippi-Longstockings-Gallery-2024-724x1024.jpg\" alt=\"\" class=\"wp-image-2138\" style=\"width:531px;height:auto\" srcset=\"http:\/\/www.barbarasgallery.com\/wp-content\/uploads\/2024\/07\/Pippi-Longstockings-Gallery-2024-724x1024.jpg 724w, http:\/\/www.barbarasgallery.com\/wp-content\/uploads\/2024\/07\/Pippi-Longstockings-Gallery-2024-212x300.jpg 212w, http:\/\/www.barbarasgallery.com\/wp-content\/uploads\/2024\/07\/Pippi-Longstockings-Gallery-2024-768x1087.jpg 768w, http:\/\/www.barbarasgallery.com\/wp-content\/uploads\/2024\/07\/Pippi-Longstockings-Gallery-2024.jpg 800w\" sizes=\"auto, (max-width: 724px) 100vw, 724px\" \/><\/a><\/figure><\/div>\n\n\n<p class=\"has-text-align-center\">Fit Kids 1001 Fairy Tales in You Tube Viedeo :<\/p>\n\n\n\n<p class=\"has-text-align-center\"><strong><a href=\"https:\/\/www.youtube.com\/watch?v=ffDhCTcIRKI\">Pippi Longstockings Gallery Face Painting by Barbara<\/a><\/strong><\/p>\n\n\n<div class=\"wp-block-image\">\n<figure class=\"aligncenter size-large is-resized\"><a href=\"http:\/\/www.barbarasgallery.com\/wp-content\/uploads\/2024\/04\/Entwurf-2.png\"><img loading=\"lazy\" decoding=\"async\" width=\"724\" height=\"1024\" src=\"http:\/\/www.barbarasgallery.com\/wp-content\/uploads\/2024\/04\/Entwurf-2-724x1024.png\" alt=\"\" class=\"wp-image-1914\" style=\"width:471px;height:auto\" srcset=\"http:\/\/www.barbarasgallery.com\/wp-content\/uploads\/2024\/04\/Entwurf-2-724x1024.png 724w, http:\/\/www.barbarasgallery.com\/wp-content\/uploads\/2024\/04\/Entwurf-2-212x300.png 212w, http:\/\/www.barbarasgallery.com\/wp-content\/uploads\/2024\/04\/Entwurf-2-768x1087.png 768w, http:\/\/www.barbarasgallery.com\/wp-content\/uploads\/2024\/04\/Entwurf-2.png 826w\" sizes=\"auto, (max-width: 724px) 100vw, 724px\" \/><\/a><\/figure><\/div>\n\n\n<p class=\"has-text-align-center\"><\/p>\n\n\n\n<p><\/p>\n\n\n<div class=\"wp-block-image\">\n<figure class=\"aligncenter size-large is-resized\"><a href=\"http:\/\/www.barbarasgallery.com\/wp-content\/uploads\/2024\/03\/Barbaras-Easter-gallery.png\"><img loading=\"lazy\" decoding=\"async\" width=\"724\" height=\"1024\" src=\"http:\/\/www.barbarasgallery.com\/wp-content\/uploads\/2024\/03\/Barbaras-Easter-gallery-724x1024.png\" alt=\"\" class=\"wp-image-1904\" style=\"width:385px;height:auto\" srcset=\"http:\/\/www.barbarasgallery.com\/wp-content\/uploads\/2024\/03\/Barbaras-Easter-gallery-724x1024.png 724w, http:\/\/www.barbarasgallery.com\/wp-content\/uploads\/2024\/03\/Barbaras-Easter-gallery-212x300.png 212w, http:\/\/www.barbarasgallery.com\/wp-content\/uploads\/2024\/03\/Barbaras-Easter-gallery-768x1087.png 768w, http:\/\/www.barbarasgallery.com\/wp-content\/uploads\/2024\/03\/Barbaras-Easter-gallery.png 826w\" sizes=\"auto, (max-width: 724px) 100vw, 724px\" \/><\/a><\/figure><\/div>\n\n\n<p class=\"has-text-align-center\"><\/p>\n\n\n\n<p><strong><a href=\"https:\/\/www.youtube.com\/watch?v=YZEYWGsOHyM\" data-type=\"link\" data-id=\"https:\/\/www.youtube.com\/watch?v=YZEYWGsOHyM\">Easter in Australia  Tasmania Hobart 2024 &#8211; Barbara&#8217;s Gallery singing and painting<\/a><\/strong><\/p>\n\n\n\n<p><\/p>\n","protected":false},"excerpt":{"rendered":"<p>You Tube channel_Fit Kids 1001 Fairy Tales Pippi Longstocking\u00b4s Snowflake Gallery 2024 Fit Kids 1001 Fairy Tales_Hanko P\u00e4ivat Pippi Langstrumpfs Gallery Pippi Langstrumpfs Gallery Finland- 16.6 Lohja Kids 2024 Fit Kids 1001 Fairy Tales _Juhannus Lohjale 21.6. 2024 Raseborg Conference Face Painting by Barbara 2024 Pippi Longstockings Gallery Children&#8217;s Festival in Inkoo 20.7.2024 Pippi Longstocking\u00b4s &hellip; <\/p>\n<p class=\"link-more\"><a href=\"http:\/\/www.barbarasgallery.com\/?page_id=1817\" class=\"more-link\">Continue reading<span class=\"screen-reader-text\"> &#8220;Events 2024&#8221;<\/span><\/a><\/p>\n","protected":false},"author":1,"featured_media":0,"parent":0,"menu_order":0,"comment_status":"closed","ping_status":"closed","template":"","meta":{"footnotes":""},"class_list":["post-1817","page","type-page","status-publish","hentry"],"_links":{"self":[{"href":"http:\/\/www.barbarasgallery.com\/index.php?rest_route=\/wp\/v2\/pages\/1817","targetHints":{"allow":["GET"]}}],"collection":[{"href":"http:\/\/www.barbarasgallery.com\/index.php?rest_route=\/wp\/v2\/pages"}],"about":[{"href":"http:\/\/www.barbarasgallery.com\/index.php?rest_route=\/wp\/v2\/types\/page"}],"author":[{"embeddable":true,"href":"http:\/\/www.barbarasgallery.com\/index.php?rest_route=\/wp\/v2\/users\/1"}],"replies":[{"embeddable":true,"href":"http:\/\/www.barbarasgallery.com\/index.php?rest_route=%2Fwp%2Fv2%2Fcomments&post=1817"}],"version-history":[{"count":71,"href":"http:\/\/www.barbarasgallery.com\/index.php?rest_route=\/wp\/v2\/pages\/1817\/revisions"}],"predecessor-version":[{"id":2303,"href":"http:\/\/www.barbarasgallery.com\/index.php?rest_route=\/wp\/v2\/pages\/1817\/revisions\/2303"}],"wp:attachment":[{"href":"http:\/\/www.barbarasgallery.com\/index.php?rest_route=%2Fwp%2Fv2%2Fmedia&parent=1817"}],"curies":[{"name":"wp","href":"https:\/\/api.w.org\/{rel}","templated":true}]}}