{"id":289,"date":"2020-02-02T13:50:00","date_gmt":"2020-02-02T13:50:00","guid":{"rendered":"http:\/\/www.barbarasgallery.com\/?page_id=289"},"modified":"2025-12-08T13:13:40","modified_gmt":"2025-12-08T13:13:40","slug":"birds","status":"publish","type":"page","link":"http:\/\/www.barbarasgallery.com\/?page_id=289","title":{"rendered":"Birds"},"content":{"rendered":"<div class=\"wp-block-image\">\n<figure class=\"aligncenter size-full is-resized\"><a href=\"http:\/\/www.barbarasgallery.com\/wp-content\/uploads\/2025\/10\/385161485_677653690968159_7286789137677316548_n.jpg\"><img loading=\"lazy\" decoding=\"async\" width=\"400\" height=\"266\" src=\"http:\/\/www.barbarasgallery.com\/wp-content\/uploads\/2025\/10\/385161485_677653690968159_7286789137677316548_n.jpg\" alt=\"\" class=\"wp-image-2550\" style=\"width:674px;height:auto\" srcset=\"http:\/\/www.barbarasgallery.com\/wp-content\/uploads\/2025\/10\/385161485_677653690968159_7286789137677316548_n.jpg 400w, http:\/\/www.barbarasgallery.com\/wp-content\/uploads\/2025\/10\/385161485_677653690968159_7286789137677316548_n-300x200.jpg 300w\" sizes=\"auto, (max-width: 400px) 100vw, 400px\" \/><\/a><\/figure><\/div>\n\n\n<p>The land of 1000 Lakes<\/p>\n\n\n\n<p>Acrylic Painting <\/p>\n\n\n\n<p><\/p>\n\n\n<div class=\"wp-block-image\">\n<figure class=\"aligncenter size-full is-resized\"><a href=\"http:\/\/www.barbarasgallery.com\/wp-content\/uploads\/2025\/01\/Peacock800.png\"><img loading=\"lazy\" decoding=\"async\" width=\"800\" height=\"805\" src=\"http:\/\/www.barbarasgallery.com\/wp-content\/uploads\/2025\/01\/Peacock800.png\" alt=\"\" class=\"wp-image-2314\" style=\"width:549px;height:auto\" srcset=\"http:\/\/www.barbarasgallery.com\/wp-content\/uploads\/2025\/01\/Peacock800.png 800w, http:\/\/www.barbarasgallery.com\/wp-content\/uploads\/2025\/01\/Peacock800-298x300.png 298w, http:\/\/www.barbarasgallery.com\/wp-content\/uploads\/2025\/01\/Peacock800-150x150.png 150w, http:\/\/www.barbarasgallery.com\/wp-content\/uploads\/2025\/01\/Peacock800-768x773.png 768w, http:\/\/www.barbarasgallery.com\/wp-content\/uploads\/2025\/01\/Peacock800-100x100.png 100w\" sizes=\"auto, (max-width: 706px) 89vw, (max-width: 767px) 82vw, 740px\" \/><\/a><\/figure><\/div>\n\n\n<p class=\"has-text-align-center\"><strong>the Peacock<\/strong><\/p>\n\n\n\n<p class=\"has-text-align-center\">Acrylic Painting<\/p>\n\n\n<div class=\"wp-block-image is-resized\">\n<figure class=\"aligncenter size-large\"><img loading=\"lazy\" decoding=\"async\" width=\"800\" height=\"803\" src=\"http:\/\/www.barbarasgallery.com\/wp-content\/uploads\/2021\/11\/Winter-Schwan_800.jpg\" alt=\"\" class=\"wp-image-1326\" srcset=\"http:\/\/www.barbarasgallery.com\/wp-content\/uploads\/2021\/11\/Winter-Schwan_800.jpg 800w, http:\/\/www.barbarasgallery.com\/wp-content\/uploads\/2021\/11\/Winter-Schwan_800-300x300.jpg 300w, http:\/\/www.barbarasgallery.com\/wp-content\/uploads\/2021\/11\/Winter-Schwan_800-150x150.jpg 150w, http:\/\/www.barbarasgallery.com\/wp-content\/uploads\/2021\/11\/Winter-Schwan_800-768x771.jpg 768w, http:\/\/www.barbarasgallery.com\/wp-content\/uploads\/2021\/11\/Winter-Schwan_800-100x100.jpg 100w\" sizes=\"auto, (max-width: 706px) 89vw, (max-width: 767px) 82vw, 740px\" \/><figcaption class=\"wp-element-caption\"><strong>Swan in ice water<\/strong><br>Acrylic  painting 50cmx50cm<br>Price 350 Euro+VAT<\/figcaption><\/figure><\/div>\n\n\n<figure class=\"wp-block-image size-large\"><img loading=\"lazy\" decoding=\"async\" width=\"800\" height=\"400\" src=\"http:\/\/www.barbarasgallery.com\/wp-content\/uploads\/2020\/01\/Der-Abflug-2019_800.png\" alt=\"\" class=\"wp-image-96\" srcset=\"http:\/\/www.barbarasgallery.com\/wp-content\/uploads\/2020\/01\/Der-Abflug-2019_800.png 800w, http:\/\/www.barbarasgallery.com\/wp-content\/uploads\/2020\/01\/Der-Abflug-2019_800-300x150.png 300w, http:\/\/www.barbarasgallery.com\/wp-content\/uploads\/2020\/01\/Der-Abflug-2019_800-768x384.png 768w\" sizes=\"auto, (max-width: 706px) 89vw, (max-width: 767px) 82vw, 740px\" \/><figcaption class=\"wp-element-caption\"><strong>The Takeoff<\/strong><br>Acrylic Painting 50cmX100 cm<br>Sale Price 480 Euro+VAT<\/figcaption><\/figure>\n\n\n<div class=\"wp-block-image is-resized\">\n<figure class=\"aligncenter size-large\"><img loading=\"lazy\" decoding=\"async\" width=\"800\" height=\"840\" src=\"http:\/\/www.barbarasgallery.com\/wp-content\/uploads\/2020\/01\/Der-einsame-Schwann_800.jpg\" alt=\"\" class=\"wp-image-112\" srcset=\"http:\/\/www.barbarasgallery.com\/wp-content\/uploads\/2020\/01\/Der-einsame-Schwann_800.jpg 800w, http:\/\/www.barbarasgallery.com\/wp-content\/uploads\/2020\/01\/Der-einsame-Schwann_800-286x300.jpg 286w, http:\/\/www.barbarasgallery.com\/wp-content\/uploads\/2020\/01\/Der-einsame-Schwann_800-768x806.jpg 768w\" sizes=\"auto, (max-width: 706px) 89vw, (max-width: 767px) 82vw, 740px\" \/><figcaption class=\"wp-element-caption\"><strong>The Lonely Swan<\/strong><br> Acrylic painting 50cmx50cm<br> Price 350 Euro+VAT<\/figcaption><\/figure><\/div>\n\n<div class=\"wp-block-image is-resized\">\n<figure class=\"aligncenter size-large\"><img loading=\"lazy\" decoding=\"async\" width=\"800\" height=\"640\" src=\"http:\/\/www.barbarasgallery.com\/wp-content\/uploads\/2020\/01\/Taube.jpg\" alt=\"\" class=\"wp-image-213\" srcset=\"http:\/\/www.barbarasgallery.com\/wp-content\/uploads\/2020\/01\/Taube.jpg 800w, http:\/\/www.barbarasgallery.com\/wp-content\/uploads\/2020\/01\/Taube-300x240.jpg 300w, http:\/\/www.barbarasgallery.com\/wp-content\/uploads\/2020\/01\/Taube-768x614.jpg 768w\" sizes=\"auto, (max-width: 706px) 89vw, (max-width: 767px) 82vw, 740px\" \/><figcaption class=\"wp-element-caption\"><strong>You Tube channel_<span style=\"background-color:rgba(0, 0, 0, 0)\" class=\"has-inline-color has-vivid-red-color\">Barbara\u00b4s Gallery_Singing and painting by Barbara Sierzputowski<\/span><\/strong><br><strong><a href=\"https:\/\/www.youtube.com\/watch?v=DMIKUbs-9Lo\">Ein bi\u00dfchen Frieden<\/a><\/strong><\/figcaption><\/figure><\/div>\n\n<div class=\"wp-block-image is-resized\">\n<figure class=\"aligncenter size-large\"><img loading=\"lazy\" decoding=\"async\" width=\"488\" height=\"1024\" src=\"http:\/\/www.barbarasgallery.com\/wp-content\/uploads\/2020\/01\/Taube-im-Himmel_800-488x1024.jpg\" alt=\"\" class=\"wp-image-221\" srcset=\"http:\/\/www.barbarasgallery.com\/wp-content\/uploads\/2020\/01\/Taube-im-Himmel_800-488x1024.jpg 488w, http:\/\/www.barbarasgallery.com\/wp-content\/uploads\/2020\/01\/Taube-im-Himmel_800-143x300.jpg 143w, http:\/\/www.barbarasgallery.com\/wp-content\/uploads\/2020\/01\/Taube-im-Himmel_800-768x1610.jpg 768w, http:\/\/www.barbarasgallery.com\/wp-content\/uploads\/2020\/01\/Taube-im-Himmel_800-733x1536.jpg 733w, http:\/\/www.barbarasgallery.com\/wp-content\/uploads\/2020\/01\/Taube-im-Himmel_800.jpg 800w\" sizes=\"auto, (max-width: 488px) 100vw, 488px\" \/><figcaption class=\"wp-element-caption\"><strong>Spirit 2020<\/strong><br><br><strong><span class=\"has-inline-color has-black-color\">YOU TUBE Video <a href=\"https:\/\/www.youtube.com\/watch?v=u7HPBIXjt0c\">Ein <\/a><\/span><\/strong><a href=\"https:\/\/www.youtube.com\/watch?v=u7HPBIXjt0c\"><span class=\"has-inline-color has-black-color\"><strong>bisschen Frieden_ <\/strong>Singing and Painting by Barbara Sierzputowski<br><\/span><\/a><\/figcaption><\/figure><\/div>\n\n\n<p><\/p>\n\n\n\n<figure class=\"wp-block-image size-large is-resized\"><img loading=\"lazy\" decoding=\"async\" width=\"789\" height=\"624\" src=\"http:\/\/www.barbarasgallery.com\/wp-content\/uploads\/2020\/01\/Friedens-Tauben_14.6.2015_800.png\" alt=\"\" class=\"wp-image-198\" srcset=\"http:\/\/www.barbarasgallery.com\/wp-content\/uploads\/2020\/01\/Friedens-Tauben_14.6.2015_800.png 789w, http:\/\/www.barbarasgallery.com\/wp-content\/uploads\/2020\/01\/Friedens-Tauben_14.6.2015_800-300x237.png 300w, http:\/\/www.barbarasgallery.com\/wp-content\/uploads\/2020\/01\/Friedens-Tauben_14.6.2015_800-768x607.png 768w\" sizes=\"auto, (max-width: 706px) 89vw, (max-width: 767px) 82vw, 740px\" \/><figcaption class=\"wp-element-caption\"><strong>Holy Spirit<\/strong><br>Donation<\/figcaption><\/figure>\n\n\n\n<figure class=\"wp-block-image size-full\"><a href=\"https:\/\/www.barbarasgallery.com\/wp-content\/uploads\/2025\/12\/weisse-Tauben800.png\"><img loading=\"lazy\" decoding=\"async\" width=\"800\" height=\"391\" src=\"https:\/\/www.barbarasgallery.com\/wp-content\/uploads\/2025\/12\/weisse-Tauben800.png\" alt=\"\" class=\"wp-image-2620\" srcset=\"http:\/\/www.barbarasgallery.com\/wp-content\/uploads\/2025\/12\/weisse-Tauben800.png 800w, http:\/\/www.barbarasgallery.com\/wp-content\/uploads\/2025\/12\/weisse-Tauben800-300x147.png 300w, http:\/\/www.barbarasgallery.com\/wp-content\/uploads\/2025\/12\/weisse-Tauben800-768x375.png 768w\" sizes=\"auto, (max-width: 706px) 89vw, (max-width: 767px) 82vw, 740px\" \/><\/a><\/figure>\n\n\n\n<p> Pigeons<\/p>\n\n\n\n<p>Acrilyc Painting<\/p>\n\n\n\n<p><\/p>\n\n\n<div class=\"wp-block-image is-resized\">\n<figure class=\"aligncenter size-large\"><img loading=\"lazy\" decoding=\"async\" width=\"1024\" height=\"726\" src=\"http:\/\/www.barbarasgallery.com\/wp-content\/uploads\/2020\/02\/M\u00f6ve-1024x726.jpg\" alt=\"\" class=\"wp-image-329\" srcset=\"http:\/\/www.barbarasgallery.com\/wp-content\/uploads\/2020\/02\/M\u00f6ve-1024x726.jpg 1024w, http:\/\/www.barbarasgallery.com\/wp-content\/uploads\/2020\/02\/M\u00f6ve-300x213.jpg 300w, http:\/\/www.barbarasgallery.com\/wp-content\/uploads\/2020\/02\/M\u00f6ve-768x545.jpg 768w, http:\/\/www.barbarasgallery.com\/wp-content\/uploads\/2020\/02\/M\u00f6ve-1536x1089.jpg 1536w, http:\/\/www.barbarasgallery.com\/wp-content\/uploads\/2020\/02\/M\u00f6ve.jpg 1715w\" sizes=\"auto, (max-width: 706px) 89vw, (max-width: 767px) 82vw, 740px\" \/><figcaption class=\"wp-element-caption\"><strong>M\u00f6we<\/strong><br>Acrilic Painting<br>sold<br><\/figcaption><\/figure><\/div>\n\n<div class=\"wp-block-image is-resized\">\n<figure class=\"aligncenter size-large\"><img loading=\"lazy\" decoding=\"async\" width=\"1024\" height=\"781\" src=\"http:\/\/www.barbarasgallery.com\/wp-content\/uploads\/2021\/07\/Vogel-im-Heu-1024x781.jpg\" alt=\"\" class=\"wp-image-1196\" srcset=\"http:\/\/www.barbarasgallery.com\/wp-content\/uploads\/2021\/07\/Vogel-im-Heu-1024x781.jpg 1024w, http:\/\/www.barbarasgallery.com\/wp-content\/uploads\/2021\/07\/Vogel-im-Heu-300x229.jpg 300w, http:\/\/www.barbarasgallery.com\/wp-content\/uploads\/2021\/07\/Vogel-im-Heu-768x586.jpg 768w, http:\/\/www.barbarasgallery.com\/wp-content\/uploads\/2021\/07\/Vogel-im-Heu-1536x1172.jpg 1536w, http:\/\/www.barbarasgallery.com\/wp-content\/uploads\/2021\/07\/Vogel-im-Heu-2048x1563.jpg 2048w\" sizes=\"auto, (max-width: 706px) 89vw, (max-width: 767px) 82vw, 740px\" \/><figcaption class=\"wp-element-caption\"><strong>Vogel im Heu<\/strong><br>Acrilic Painting 24cm x30cm<br>Price 100 Euro +VAT<\/figcaption><\/figure><\/div>\n\n\n<p><\/p>\n\n\n<div class=\"wp-block-image is-resized\">\n<figure class=\"aligncenter size-large\"><img loading=\"lazy\" decoding=\"async\" width=\"400\" height=\"554\" src=\"http:\/\/www.barbarasgallery.com\/wp-content\/uploads\/2020\/02\/V_400.jpg\" alt=\"\" class=\"wp-image-332\" srcset=\"http:\/\/www.barbarasgallery.com\/wp-content\/uploads\/2020\/02\/V_400.jpg 400w, http:\/\/www.barbarasgallery.com\/wp-content\/uploads\/2020\/02\/V_400-217x300.jpg 217w\" sizes=\"auto, (max-width: 400px) 100vw, 400px\" \/><figcaption class=\"wp-element-caption\">lapwing \/ t\u00f6yht\u00f6hyypp\u00e4<br>Acrylic  Painting 24cmX30cm<br>Price 50 +VAT<\/figcaption><\/figure><\/div>\n\n<div class=\"wp-block-image is-resized\">\n<figure class=\"aligncenter size-large\"><img loading=\"lazy\" decoding=\"async\" width=\"782\" height=\"1024\" src=\"http:\/\/www.barbarasgallery.com\/wp-content\/uploads\/2020\/02\/Kohlmeise-782x1024.jpg\" alt=\"\" class=\"wp-image-338\" srcset=\"http:\/\/www.barbarasgallery.com\/wp-content\/uploads\/2020\/02\/Kohlmeise-782x1024.jpg 782w, http:\/\/www.barbarasgallery.com\/wp-content\/uploads\/2020\/02\/Kohlmeise-229x300.jpg 229w, http:\/\/www.barbarasgallery.com\/wp-content\/uploads\/2020\/02\/Kohlmeise-768x1005.jpg 768w, http:\/\/www.barbarasgallery.com\/wp-content\/uploads\/2020\/02\/Kohlmeise.jpg 800w\" sizes=\"auto, (max-width: 706px) 89vw, (max-width: 767px) 82vw, 740px\" \/><figcaption class=\"wp-element-caption\">Kohlmeise<br>Acrylic Painting 24cmX30cm<br>Price 50 Euro+VAT<\/figcaption><\/figure><\/div>\n\n\n<p><\/p>\n\n\n<div class=\"wp-block-image is-resized\">\n<figure class=\"aligncenter size-large\"><img loading=\"lazy\" decoding=\"async\" width=\"800\" height=\"658\" src=\"http:\/\/www.barbarasgallery.com\/wp-content\/uploads\/2020\/02\/Vogel_800.jpg\" alt=\"\" class=\"wp-image-334\" srcset=\"http:\/\/www.barbarasgallery.com\/wp-content\/uploads\/2020\/02\/Vogel_800.jpg 800w, http:\/\/www.barbarasgallery.com\/wp-content\/uploads\/2020\/02\/Vogel_800-300x247.jpg 300w, http:\/\/www.barbarasgallery.com\/wp-content\/uploads\/2020\/02\/Vogel_800-768x632.jpg 768w\" sizes=\"auto, (max-width: 706px) 89vw, (max-width: 767px) 82vw, 740px\" \/><figcaption class=\"wp-element-caption\">Vast\u00e4rakki<br>Acrylic  Painting 24cmx30cm <br>Price 50 Euro+Vat<\/figcaption><\/figure><\/div>\n\n<div class=\"wp-block-image is-resized\">\n<figure class=\"aligncenter size-large\"><img loading=\"lazy\" decoding=\"async\" width=\"773\" height=\"1024\" src=\"http:\/\/www.barbarasgallery.com\/wp-content\/uploads\/2020\/02\/Flamingo-773x1024.jpg\" alt=\"\" class=\"wp-image-336\" srcset=\"http:\/\/www.barbarasgallery.com\/wp-content\/uploads\/2020\/02\/Flamingo-773x1024.jpg 773w, http:\/\/www.barbarasgallery.com\/wp-content\/uploads\/2020\/02\/Flamingo-226x300.jpg 226w, http:\/\/www.barbarasgallery.com\/wp-content\/uploads\/2020\/02\/Flamingo-768x1018.jpg 768w, http:\/\/www.barbarasgallery.com\/wp-content\/uploads\/2020\/02\/Flamingo.jpg 800w\" sizes=\"auto, (max-width: 706px) 89vw, (max-width: 767px) 82vw, 740px\" \/><figcaption class=\"wp-element-caption\">Flamingo<br>sold<\/figcaption><\/figure><\/div>\n\n<div class=\"wp-block-image is-resized\">\n<figure class=\"aligncenter size-large\"><img loading=\"lazy\" decoding=\"async\" width=\"800\" height=\"557\" src=\"http:\/\/www.barbarasgallery.com\/wp-content\/uploads\/2020\/02\/die-M\u00f6ve-2014.jpg\" alt=\"\" class=\"wp-image-477\" srcset=\"http:\/\/www.barbarasgallery.com\/wp-content\/uploads\/2020\/02\/die-M\u00f6ve-2014.jpg 800w, http:\/\/www.barbarasgallery.com\/wp-content\/uploads\/2020\/02\/die-M\u00f6ve-2014-300x209.jpg 300w, http:\/\/www.barbarasgallery.com\/wp-content\/uploads\/2020\/02\/die-M\u00f6ve-2014-768x535.jpg 768w\" sizes=\"auto, (max-width: 706px) 89vw, (max-width: 767px) 82vw, 740px\" \/><figcaption class=\"wp-element-caption\">M\u00f6we<br>sold<\/figcaption><\/figure><\/div>\n\n<div class=\"wp-block-image is-resized\">\n<figure class=\"aligncenter size-large\"><img loading=\"lazy\" decoding=\"async\" width=\"800\" height=\"701\" src=\"http:\/\/www.barbarasgallery.com\/wp-content\/uploads\/2020\/02\/die-M\u00f6we.jpg\" alt=\"\" class=\"wp-image-478\" srcset=\"http:\/\/www.barbarasgallery.com\/wp-content\/uploads\/2020\/02\/die-M\u00f6we.jpg 800w, http:\/\/www.barbarasgallery.com\/wp-content\/uploads\/2020\/02\/die-M\u00f6we-300x263.jpg 300w, http:\/\/www.barbarasgallery.com\/wp-content\/uploads\/2020\/02\/die-M\u00f6we-768x673.jpg 768w\" sizes=\"auto, (max-width: 706px) 89vw, (max-width: 767px) 82vw, 740px\" \/><figcaption class=\"wp-element-caption\">M\u00f6we<br>sold<\/figcaption><\/figure><\/div>\n\n\n<p><\/p>\n","protected":false},"excerpt":{"rendered":"<p>The land of 1000 Lakes Acrylic Painting the Peacock Acrylic Painting Pigeons Acrilyc Painting<\/p>\n","protected":false},"author":1,"featured_media":0,"parent":0,"menu_order":0,"comment_status":"closed","ping_status":"closed","template":"","meta":{"footnotes":""},"class_list":["post-289","page","type-page","status-publish","hentry"],"_links":{"self":[{"href":"http:\/\/www.barbarasgallery.com\/index.php?rest_route=\/wp\/v2\/pages\/289","targetHints":{"allow":["GET"]}}],"collection":[{"href":"http:\/\/www.barbarasgallery.com\/index.php?rest_route=\/wp\/v2\/pages"}],"about":[{"href":"http:\/\/www.barbarasgallery.com\/index.php?rest_route=\/wp\/v2\/types\/page"}],"author":[{"embeddable":true,"href":"http:\/\/www.barbarasgallery.com\/index.php?rest_route=\/wp\/v2\/users\/1"}],"replies":[{"embeddable":true,"href":"http:\/\/www.barbarasgallery.com\/index.php?rest_route=%2Fwp%2Fv2%2Fcomments&post=289"}],"version-history":[{"count":63,"href":"http:\/\/www.barbarasgallery.com\/index.php?rest_route=\/wp\/v2\/pages\/289\/revisions"}],"predecessor-version":[{"id":2623,"href":"http:\/\/www.barbarasgallery.com\/index.php?rest_route=\/wp\/v2\/pages\/289\/revisions\/2623"}],"wp:attachment":[{"href":"http:\/\/www.barbarasgallery.com\/index.php?rest_route=%2Fwp%2Fv2%2Fmedia&parent=289"}],"curies":[{"name":"wp","href":"https:\/\/api.w.org\/{rel}","templated":true}]}}